{"id":28741,"date":"2025-05-20T06:56:26","date_gmt":"2025-05-20T06:56:26","guid":{"rendered":"https:\/\/globaliaco.com\/faq\/"},"modified":"2025-05-20T06:57:34","modified_gmt":"2025-05-20T06:57:34","slug":"faq","status":"publish","type":"page","link":"https:\/\/globaliaco.com\/fr\/faq\/","title":{"rendered":"FAQ"},"content":{"rendered":"<div class=\"wpb-content-wrapper\"><p>[vc_row][vc_column]<h3 style=\"text-align:left;\" class=\"themestek-custom-heading \" >QUESTIONS FR\u00c9QUEMMENT POS\u00c9ES<\/h3>\n[vc_tta_accordion c_icon=\u00a0\u00bbchevron\u00a0\u00bb c_position=\u00a0\u00bbright\u00a0\u00bb active_section=\u00a0\u00bb1&Prime; el_class=\u00a0\u00bbts-accordion-style-1&Prime;][vc_tta_section title=\u00a0\u00bbQuel programme de citoyennet\u00e9 devrais-je choisir ?\u00a0\u00bb tab_id=\u00a0\u00bb1525933131215-fe810ce0-7b7a\u00a0\u00bb][vc_column_text]Cela d\u00e9pend de la situation financi\u00e8re de chaque candidat, car la plupart de nos programmes <strong>sont financ\u00e9s soit par des plans de dons gouvernementaux, soit par des projets immobiliers approuv\u00e9s.<\/strong>[\/vc_column_text][\/vc_tta_section][vc_tta_section title=\u00a0\u00bbQuel programme de r\u00e9sidence devrais-je choisir?\u00a0\u00bb tab_id=\u00a0\u00bb1616503602637-bfa092bb-c77d\u00a0\u00bb][vc_column_text]<b>Notre \u00e9quipe \u00e9valuera votre profil et vos besoins et vous recommandera en cons\u00e9quence.<\/b>[\/vc_column_text][\/vc_tta_section][vc_tta_section title=\u00a0\u00bbComment puis-je m\u2019assurer que ma candidature sera retenue ?\u00a0\u00bb tab_id=\u00a0\u00bb1616503554864-1475735d-bc9e\u00a0\u00bb][vc_column_text]<strong>Tous les candidats passent par un processus approfondi de pr\u00e9-\u00e9valuation et de diligence raisonnable avant que nous acceptions leur candidature, afin de garantir un taux de r\u00e9ussite de 100 %.<\/strong>[\/vc_column_text][\/vc_tta_section][vc_tta_section title=\u00a0\u00bbIl existe une multitude de prestataires. Comment choisir ?\u00a0\u00bb tab_id=\u00a0\u00bb1525933066792-8a3000ec-c559&Prime;][vc_column_text]Voici quelques questions \u00e0 poser avant de signer le contrat\u00a0:<\/p>\n<ul>\n<li>Que couvrent les honoraires professionnels\u00a0?<\/li>\n<li>Quel agent local traitera votre demande dans le pays de destination ? Ces agents locaux sont g\u00e9n\u00e9ralement des cabinets d&rsquo;avocats agr\u00e9\u00e9s par le gouvernement concern\u00e9. Leurs coordonn\u00e9es (agents agr\u00e9\u00e9s ou cabinets d&rsquo;avocats locaux, et non agents commerciaux) sont disponibles sur les sites web officiels du gouvernement.<\/li>\n<li>Puis-je transf\u00e9rer les fonds directement sur le compte du gouvernement ? Vous devriez avoir la possibilit\u00e9 de transf\u00e9rer les fonds directement au gouvernement du pays choisi (par exemple, le gouvernement de la Dominique, de la Grenade, etc.).<\/li>\n<li>Le prestataire de services fournira-t-il la preuve du transfert si vous choisissez de lui transf\u00e9rer les fonds ?<\/li>\n<\/ul>\n<p>[\/vc_column_text][\/vc_tta_section][vc_tta_section title=\u00a0\u00bbQuelle est votre force en tant que prestataire de services ?\u00a0\u00bb tab_id=\u00a0\u00bb1525933113360-dae4a488-f0b7&Prime;][vc_column_text]Notre \u00e9quipe vous offre une transparence totale sur le processus de candidature et les tarifs. De plus, notre processus d&rsquo;\u00e9valuation pr\u00e9alable rigoureux garantit un taux de r\u00e9ussite de 100 %.[\/vc_column_text][\/vc_tta_section][vc_tta_section title=\u00a0\u00bbPuis-je contacter l&rsquo;un de vos clients ?\u00a0\u00bb tab_id=\u00a0\u00bb1525932736895-4c35a99e-1554&Prime;][vc_column_text]Tous nos clients sont d\u00e9sormais des ambassadeurs de Globalia et certains d&rsquo;entre eux seront ravis de vous rencontrer pour partager leur exp\u00e9rience et leur r\u00e9ussite. Ce service peut \u00eatre organis\u00e9 par notre \u00e9quipe et sur demande.[\/vc_column_text][\/vc_tta_section][vc_tta_section title=\u00a0\u00bbToutes les nationalit\u00e9s peuvent-elles b\u00e9n\u00e9ficier de vos services ?\u00a0\u00bb tab_id=\u00a0\u00bb1617872079339-0702df55-8685&Prime;][vc_column_text]Toutes les nationalit\u00e9s ne sont pas concern\u00e9es. Certains programmes gouvernementaux ont des exigences sp\u00e9cifiques \u00e0 respecter.[\/vc_column_text][\/vc_tta_section][vc_tta_section title=\u00a0\u00bbQui puis-je inclure dans ma candidature ?\u00a0\u00bb tab_id=\u00a0\u00bb1617872109856-fe7f9fdc-f1c6&Prime;][vc_column_text]Tous nos programmes permettent l&rsquo;inclusion de vos personnes \u00e0 charge de moins de 18 ans moyennant des frais suppl\u00e9mentaires. Certains programmes permettent \u00e9galement l&rsquo;ajout de vos personnes \u00e0 charge de moins de 30 ans et de plus de 55 ans.[\/vc_column_text][\/vc_tta_section][vc_tta_section title=\u00a0\u00bbQuels documents dois-je soumettre ?\u00a0\u00bb tab_id=\u00a0\u00bb1617872136060-c1723b83-7c0f\u00a0\u00bb][vc_column_text]Cela d\u00e9pend du programme. Cependant, la plupart des programmes exigent un passeport valide, un casier judiciaire vierge, une preuve de revenus et un relev\u00e9 bancaire des 12 derniers mois. Pour obtenir la liste compl\u00e8te des exigences, veuillez contacter notre \u00e9quipe.[\/vc_column_text][\/vc_tta_section][vc_tta_section title=\u00a0\u00bbDois-je renoncer \u00e0 ma nationalit\u00e9 actuelle une fois que j&rsquo;aurai obtenu mon passeport ?\u00a0\u00bb tab_id=\u00a0\u00bb1617872161684-9b2bcc6f-5ffb\u00a0\u00bb][vc_column_text]Pas du tout.[\/vc_column_text][\/vc_tta_section][vc_tta_section title=\u00a0\u00bbPuis-je transmettre la citoyennet\u00e9 \u00e0 mon nouveau-n\u00e9 ?\u00a0\u00bb tab_id=\u00a0\u00bb1617872183904-c9ad2a28-945b\u00a0\u00bb][vc_column_text]Oui, avec des frais suppl\u00e9mentaires.[\/vc_column_text][\/vc_tta_section][vc_tta_section title=\u00a0\u00bbSi je me marie, puis-je transmettre la citoyennet\u00e9 \u00e0 mon conjoint ?\u00a0\u00bb tab_id=\u00a0\u00bb1617872205050-a715908b-b090&Prime;][vc_column_text]Oui, avec des frais suppl\u00e9mentaires.[\/vc_column_text][\/vc_tta_section][\/vc_tta_accordion][\/vc_column][\/vc_row]<\/p>\n<\/div>","protected":false},"excerpt":{"rendered":"<p>[vc_row][vc_column][vc_tta_accordion c_icon=\u00a0\u00bbchevron\u00a0\u00bb c_position=\u00a0\u00bbright\u00a0\u00bb active_section=\u00a0\u00bb1&Prime; el_class=\u00a0\u00bbts-accordion-style-1&Prime;][vc_tta_section title=\u00a0\u00bbQuel programme de citoyennet\u00e9 devrais-je choisir ?\u00a0\u00bb tab_id=\u00a0\u00bb1525933131215-fe810ce0-7b7a\u00a0\u00bb][vc_column_text]Cela d\u00e9pend de la situation financi\u00e8re de chaque candidat, car la plupart de nos programmes sont financ\u00e9s soit par des plans de dons gouvernementaux, soit par des projets immobiliers approuv\u00e9s.[\/vc_column_text][\/vc_tta_section][vc_tta_section title=\u00a0\u00bbQuel programme de r\u00e9sidence devrais-je choisir?\u00a0\u00bb tab_id=\u00a0\u00bb1616503602637-bfa092bb-c77d\u00a0\u00bb][vc_column_text]Notre \u00e9quipe \u00e9valuera votre profil et vos &hellip; <a href=\"https:\/\/globaliaco.com\/fr\/faq\/\" class=\"more-link\">Continue reading <span class=\"screen-reader-text\">FAQ<\/span><\/a><\/p>\n","protected":false},"author":1,"featured_media":0,"parent":0,"menu_order":11,"comment_status":"closed","ping_status":"closed","template":"","meta":{"footnotes":""},"class_list":["post-28741","page","type-page","status-publish","hentry"],"yoast_head":"<!-- This site is optimized with the Yoast SEO plugin v27.3 - https:\/\/yoast.com\/product\/yoast-seo-wordpress\/ -->\n<title>Globalia Consulting - Citoyennet\u00e9 et R\u00e9sidence Par Investissement<\/title>\n<meta name=\"description\" content=\"D\u00e9couvrez les solutions de citoyennet\u00e9 par investissement de Globalia. Acc\u00e9dez \u00e0 des options europ\u00e9ennes, garantissant transparence et un second passeport. Investissez pour un avenir meilleur\u00a0!\" \/>\n<meta name=\"robots\" content=\"index, follow, max-snippet:-1, max-image-preview:large, max-video-preview:-1\" \/>\n<link rel=\"canonical\" href=\"https:\/\/globaliaco.com\/fr\/faq\/\" \/>\n<meta property=\"og:locale\" content=\"fr_FR\" \/>\n<meta property=\"og:type\" content=\"article\" \/>\n<meta property=\"og:title\" content=\"Globalia Consulting - Citoyennet\u00e9 et R\u00e9sidence Par Investissement\" \/>\n<meta property=\"og:description\" content=\"D\u00e9couvrez les solutions de citoyennet\u00e9 par investissement de Globalia. Acc\u00e9dez \u00e0 des options europ\u00e9ennes, garantissant transparence et un second passeport. Investissez pour un avenir meilleur\u00a0!\" \/>\n<meta property=\"og:url\" content=\"https:\/\/globaliaco.com\/fr\/faq\/\" \/>\n<meta property=\"og:site_name\" content=\"Globalia Consulting - Citoyennet\u00e9 et R\u00e9sidence Par Investissement\" \/>\n<meta property=\"article:modified_time\" content=\"2025-05-20T06:57:34+00:00\" \/>\n<meta property=\"og:image\" content=\"https:\/\/globaliaco.com\/wp-content\/uploads\/2025\/02\/Profile-picture.png\" \/>\n\t<meta property=\"og:image:width\" content=\"4500\" \/>\n\t<meta property=\"og:image:height\" content=\"4500\" \/>\n\t<meta property=\"og:image:type\" content=\"image\/png\" \/>\n<meta name=\"twitter:card\" content=\"summary_large_image\" \/>\n<meta name=\"twitter:label1\" content=\"Dur\u00e9e de lecture estim\u00e9e\" \/>\n\t<meta name=\"twitter:data1\" content=\"3 minutes\" \/>\n<script type=\"application\/ld+json\" class=\"yoast-schema-graph\">{\"@context\":\"https:\\\/\\\/schema.org\",\"@graph\":[{\"@type\":\"WebPage\",\"@id\":\"https:\\\/\\\/globaliaco.com\\\/fr\\\/faq\\\/\",\"url\":\"https:\\\/\\\/globaliaco.com\\\/fr\\\/faq\\\/\",\"name\":\"Globalia Consulting - Citoyennet\u00e9 et R\u00e9sidence Par Investissement\",\"isPartOf\":{\"@id\":\"http:\\\/\\\/globaliaco.com\\\/#website\"},\"datePublished\":\"2025-05-20T06:56:26+00:00\",\"dateModified\":\"2025-05-20T06:57:34+00:00\",\"description\":\"D\u00e9couvrez les solutions de citoyennet\u00e9 par investissement de Globalia. Acc\u00e9dez \u00e0 des options europ\u00e9ennes, garantissant transparence et un second passeport. Investissez pour un avenir meilleur\u00a0!\",\"breadcrumb\":{\"@id\":\"https:\\\/\\\/globaliaco.com\\\/fr\\\/faq\\\/#breadcrumb\"},\"inLanguage\":\"fr-FR\",\"potentialAction\":[{\"@type\":\"ReadAction\",\"target\":[\"https:\\\/\\\/globaliaco.com\\\/fr\\\/faq\\\/\"]}]},{\"@type\":\"BreadcrumbList\",\"@id\":\"https:\\\/\\\/globaliaco.com\\\/fr\\\/faq\\\/#breadcrumb\",\"itemListElement\":[{\"@type\":\"ListItem\",\"position\":1,\"name\":\"Home\",\"item\":\"https:\\\/\\\/globaliaco.com\\\/fr\\\/\"},{\"@type\":\"ListItem\",\"position\":2,\"name\":\"FAQ\"}]},{\"@type\":\"WebSite\",\"@id\":\"http:\\\/\\\/globaliaco.com\\\/#website\",\"url\":\"http:\\\/\\\/globaliaco.com\\\/\",\"name\":\"Globalia Consulting - Citizenship and residency by investment\",\"description\":\"Business Migration Programs, Business Plan Writers, Real Estate &amp; Citizenship by Investment Advisors\",\"alternateName\":\"Globalia Consulting - Citizenship and residency by investment\",\"potentialAction\":[{\"@type\":\"SearchAction\",\"target\":{\"@type\":\"EntryPoint\",\"urlTemplate\":\"http:\\\/\\\/globaliaco.com\\\/?s={search_term_string}\"},\"query-input\":{\"@type\":\"PropertyValueSpecification\",\"valueRequired\":true,\"valueName\":\"search_term_string\"}}],\"inLanguage\":\"fr-FR\"}]}<\/script>\n<!-- \/ Yoast SEO plugin. -->","yoast_head_json":{"title":"Globalia Consulting - Citoyennet\u00e9 et R\u00e9sidence Par Investissement","description":"D\u00e9couvrez les solutions de citoyennet\u00e9 par investissement de Globalia. Acc\u00e9dez \u00e0 des options europ\u00e9ennes, garantissant transparence et un second passeport. Investissez pour un avenir meilleur\u00a0!","robots":{"index":"index","follow":"follow","max-snippet":"max-snippet:-1","max-image-preview":"max-image-preview:large","max-video-preview":"max-video-preview:-1"},"canonical":"https:\/\/globaliaco.com\/fr\/faq\/","og_locale":"fr_FR","og_type":"article","og_title":"Globalia Consulting - Citoyennet\u00e9 et R\u00e9sidence Par Investissement","og_description":"D\u00e9couvrez les solutions de citoyennet\u00e9 par investissement de Globalia. Acc\u00e9dez \u00e0 des options europ\u00e9ennes, garantissant transparence et un second passeport. Investissez pour un avenir meilleur\u00a0!","og_url":"https:\/\/globaliaco.com\/fr\/faq\/","og_site_name":"Globalia Consulting - Citoyennet\u00e9 et R\u00e9sidence Par Investissement","article_modified_time":"2025-05-20T06:57:34+00:00","og_image":[{"width":4500,"height":4500,"url":"https:\/\/globaliaco.com\/wp-content\/uploads\/2025\/02\/Profile-picture.png","type":"image\/png"}],"twitter_card":"summary_large_image","twitter_misc":{"Dur\u00e9e de lecture estim\u00e9e":"3 minutes"},"schema":{"@context":"https:\/\/schema.org","@graph":[{"@type":"WebPage","@id":"https:\/\/globaliaco.com\/fr\/faq\/","url":"https:\/\/globaliaco.com\/fr\/faq\/","name":"Globalia Consulting - Citoyennet\u00e9 et R\u00e9sidence Par Investissement","isPartOf":{"@id":"http:\/\/globaliaco.com\/#website"},"datePublished":"2025-05-20T06:56:26+00:00","dateModified":"2025-05-20T06:57:34+00:00","description":"D\u00e9couvrez les solutions de citoyennet\u00e9 par investissement de Globalia. Acc\u00e9dez \u00e0 des options europ\u00e9ennes, garantissant transparence et un second passeport. Investissez pour un avenir meilleur\u00a0!","breadcrumb":{"@id":"https:\/\/globaliaco.com\/fr\/faq\/#breadcrumb"},"inLanguage":"fr-FR","potentialAction":[{"@type":"ReadAction","target":["https:\/\/globaliaco.com\/fr\/faq\/"]}]},{"@type":"BreadcrumbList","@id":"https:\/\/globaliaco.com\/fr\/faq\/#breadcrumb","itemListElement":[{"@type":"ListItem","position":1,"name":"Home","item":"https:\/\/globaliaco.com\/fr\/"},{"@type":"ListItem","position":2,"name":"FAQ"}]},{"@type":"WebSite","@id":"http:\/\/globaliaco.com\/#website","url":"http:\/\/globaliaco.com\/","name":"Globalia Consulting - Citizenship and residency by investment","description":"Business Migration Programs, Business Plan Writers, Real Estate &amp; Citizenship by Investment Advisors","alternateName":"Globalia Consulting - Citizenship and residency by investment","potentialAction":[{"@type":"SearchAction","target":{"@type":"EntryPoint","urlTemplate":"http:\/\/globaliaco.com\/?s={search_term_string}"},"query-input":{"@type":"PropertyValueSpecification","valueRequired":true,"valueName":"search_term_string"}}],"inLanguage":"fr-FR"}]}},"_links":{"self":[{"href":"https:\/\/globaliaco.com\/fr\/wp-json\/wp\/v2\/pages\/28741","targetHints":{"allow":["GET"]}}],"collection":[{"href":"https:\/\/globaliaco.com\/fr\/wp-json\/wp\/v2\/pages"}],"about":[{"href":"https:\/\/globaliaco.com\/fr\/wp-json\/wp\/v2\/types\/page"}],"author":[{"embeddable":true,"href":"https:\/\/globaliaco.com\/fr\/wp-json\/wp\/v2\/users\/1"}],"replies":[{"embeddable":true,"href":"https:\/\/globaliaco.com\/fr\/wp-json\/wp\/v2\/comments?post=28741"}],"version-history":[{"count":7,"href":"https:\/\/globaliaco.com\/fr\/wp-json\/wp\/v2\/pages\/28741\/revisions"}],"predecessor-version":[{"id":28749,"href":"https:\/\/globaliaco.com\/fr\/wp-json\/wp\/v2\/pages\/28741\/revisions\/28749"}],"wp:attachment":[{"href":"https:\/\/globaliaco.com\/fr\/wp-json\/wp\/v2\/media?parent=28741"}],"curies":[{"name":"wp","href":"https:\/\/api.w.org\/{rel}","templated":true}]}}