{"id":28739,"date":"2025-05-20T06:48:48","date_gmt":"2025-05-20T06:48:48","guid":{"rendered":"https:\/\/globaliaco.com\/videos\/"},"modified":"2025-05-20T06:48:48","modified_gmt":"2025-05-20T06:48:48","slug":"videos","status":"publish","type":"page","link":"https:\/\/globaliaco.com\/fr\/videos\/","title":{"rendered":"Vid\u00e9os"},"content":{"rendered":"<div class=\"wpb-content-wrapper\"><p>[vc_row css=\u00a0\u00bb.vc_custom_1676286254670{margin-bottom: 30px !important;}\u00a0\u00bb][vc_column width=\u00a0\u00bb1\/2&Prime;][vc_video link=\u00a0\u00bbhttps:\/\/youtu.be\/RIlVVmvrokg\u00a0\u00bb css=\u00a0\u00bb.vc_custom_1695719725721{margin-right: 20px !important;margin-bottom: 20px !important;border-right-width: 20px !important;padding-right: 20px !important;}\u00a0\u00bb][vc_video link=\u00a0\u00bbhttps:\/\/youtu.be\/HYgxyoZPBVo\u00a0\u00bb css=\u00a0\u00bb.vc_custom_1695719758720{margin-right: 20px !important;margin-bottom: 20px !important;border-right-width: 20px !important;padding-right: 20px !important;}\u00a0\u00bb][vc_video link=\u00a0\u00bbhttps:\/\/youtu.be\/-wA3zk0BeKU\u00a0\u00bb css=\u00a0\u00bb.vc_custom_1676380550060{margin-right: 20px !important;margin-bottom: 20px !important;border-right-width: 20px !important;padding-right: 20px !important;}\u00a0\u00bb][vc_video link=\u00a0\u00bbhttps:\/\/youtu.be\/5I5v10G0WaM\u00a0\u00bb css=\u00a0\u00bb.vc_custom_1678697569969{margin-right: 20px !important;margin-bottom: 20px !important;border-right-width: 20px !important;padding-right: 20px !important;}\u00a0\u00bb][vc_video link=\u00a0\u00bbhttps:\/\/youtu.be\/tnS0GUFg_I0&Prime; css=\u00a0\u00bb.vc_custom_1676380656700{margin-right: 20px !important;margin-bottom: 20px !important;border-right-width: 20px !important;padding-right: 20px !important;}\u00a0\u00bb][\/vc_column][vc_column width=\u00a0\u00bb1\/2&Prime;][vc_video link=\u00a0\u00bbhttps:\/\/youtu.be\/p9DjFHD0zig\u00a0\u00bb css=\u00a0\u00bb.vc_custom_1695719734365{margin-right: 20px !important;margin-bottom: 20px !important;border-right-width: 20px !important;padding-right: 20px !important;}\u00a0\u00bb][vc_video link=\u00a0\u00bbhttps:\/\/youtu.be\/CYwIkAu8txI\u00a0\u00bb css=\u00a0\u00bb.vc_custom_1695719766636{margin-right: 20px !important;margin-bottom: 20px !important;border-right-width: 20px !important;padding-right: 20px !important;}\u00a0\u00bb][vc_video link=\u00a0\u00bbhttps:\/\/youtu.be\/K9yGBDAnDBw\u00a0\u00bb css=\u00a0\u00bb.vc_custom_1676380907101{margin-right: 20px !important;margin-bottom: 20px !important;border-right-width: 20px !important;padding-right: 20px !important;}\u00a0\u00bb][vc_video link=\u00a0\u00bbhttps:\/\/youtu.be\/yzNwR1FbHJc\u00a0\u00bb css=\u00a0\u00bb.vc_custom_1676380651385{margin-right: 20px !important;margin-bottom: 20px !important;border-right-width: 20px !important;padding-right: 20px !important;}\u00a0\u00bb][vc_video link=\u00a0\u00bbhttps:\/\/youtu.be\/1dKg1_JXDn8&Prime; css=\u00a0\u00bb.vc_custom_1676381008470{margin-right: 20px !important;margin-bottom: 20px !important;border-right-width: 20px !important;padding-right: 20px !important;}\u00a0\u00bb][\/vc_column][\/vc_row]<\/p>\n<\/div>","protected":false},"excerpt":{"rendered":"<p>[vc_row css=\u00a0\u00bb.vc_custom_1676286254670{margin-bottom: 30px !important;}\u00a0\u00bb][vc_column width=\u00a0\u00bb1\/2&Prime;][vc_video link=\u00a0\u00bbhttps:\/\/youtu.be\/RIlVVmvrokg\u00a0\u00bb css=\u00a0\u00bb.vc_custom_1695719725721{margin-right: 20px !important;margin-bottom: 20px !important;border-right-width: 20px !important;padding-right: 20px !important;}\u00a0\u00bb][vc_video link=\u00a0\u00bbhttps:\/\/youtu.be\/HYgxyoZPBVo\u00a0\u00bb css=\u00a0\u00bb.vc_custom_1695719758720{margin-right: 20px !important;margin-bottom: 20px !important;border-right-width: 20px !important;padding-right: 20px !important;}\u00a0\u00bb][vc_video link=\u00a0\u00bbhttps:\/\/youtu.be\/-wA3zk0BeKU\u00a0\u00bb css=\u00a0\u00bb.vc_custom_1676380550060{margin-right: 20px !important;margin-bottom: 20px !important;border-right-width: 20px !important;padding-right: 20px !important;}\u00a0\u00bb][vc_video link=\u00a0\u00bbhttps:\/\/youtu.be\/5I5v10G0WaM\u00a0\u00bb css=\u00a0\u00bb.vc_custom_1678697569969{margin-right: 20px !important;margin-bottom: 20px !important;border-right-width: 20px !important;padding-right: 20px !important;}\u00a0\u00bb][vc_video link=\u00a0\u00bbhttps:\/\/youtu.be\/tnS0GUFg_I0&Prime; css=\u00a0\u00bb.vc_custom_1676380656700{margin-right: 20px !important;margin-bottom: 20px !important;border-right-width: 20px !important;padding-right: 20px !important;}\u00a0\u00bb][\/vc_column][vc_column &hellip; <a href=\"https:\/\/globaliaco.com\/fr\/videos\/\" class=\"more-link\">Continue reading <span class=\"screen-reader-text\">Vid\u00e9os<\/span><\/a><\/p>\n","protected":false},"author":1,"featured_media":0,"parent":0,"menu_order":0,"comment_status":"closed","ping_status":"closed","template":"","meta":{"footnotes":""},"class_list":["post-28739","page","type-page","status-publish","hentry"],"yoast_head":"<!-- This site is optimized with the Yoast SEO plugin v27.3 - https:\/\/yoast.com\/product\/yoast-seo-wordpress\/ -->\n<title>Globalia Consulting - Citoyennet\u00e9 et R\u00e9sidence Par Investissement<\/title>\n<meta name=\"description\" content=\"D\u00e9couvrez les solutions de citoyennet\u00e9 par investissement de Globalia. Acc\u00e9dez \u00e0 des options europ\u00e9ennes, garantissant transparence et un second passeport. Investissez pour un avenir meilleur\u00a0!\" \/>\n<meta name=\"robots\" content=\"index, follow, max-snippet:-1, max-image-preview:large, max-video-preview:-1\" \/>\n<link rel=\"canonical\" href=\"https:\/\/globaliaco.com\/videos\/\" \/>\n<meta property=\"og:locale\" content=\"fr_FR\" \/>\n<meta property=\"og:type\" content=\"article\" \/>\n<meta property=\"og:title\" content=\"Globalia Consulting - Citoyennet\u00e9 et R\u00e9sidence Par Investissement\" \/>\n<meta property=\"og:description\" content=\"D\u00e9couvrez les solutions de citoyennet\u00e9 par investissement de Globalia. Acc\u00e9dez \u00e0 des options europ\u00e9ennes, garantissant transparence et un second passeport. Investissez pour un avenir meilleur\u00a0!\" \/>\n<meta property=\"og:url\" content=\"https:\/\/globaliaco.com\/videos\/\" \/>\n<meta property=\"og:site_name\" content=\"Globalia Consulting - Citoyennet\u00e9 et R\u00e9sidence Par Investissement\" \/>\n<meta property=\"og:image\" content=\"https:\/\/globaliaco.com\/wp-content\/uploads\/2025\/02\/Profile-picture.png\" \/>\n\t<meta property=\"og:image:width\" content=\"4500\" \/>\n\t<meta property=\"og:image:height\" content=\"4500\" \/>\n\t<meta property=\"og:image:type\" content=\"image\/png\" \/>\n<meta name=\"twitter:card\" content=\"summary_large_image\" \/>\n<meta name=\"twitter:label1\" content=\"Dur\u00e9e de lecture estim\u00e9e\" \/>\n\t<meta name=\"twitter:data1\" content=\"1 minute\" \/>\n<script type=\"application\/ld+json\" class=\"yoast-schema-graph\">{\"@context\":\"https:\\\/\\\/schema.org\",\"@graph\":[{\"@type\":\"WebPage\",\"@id\":\"https:\\\/\\\/globaliaco.com\\\/videos\\\/\",\"url\":\"https:\\\/\\\/globaliaco.com\\\/videos\\\/\",\"name\":\"Globalia Consulting - Citoyennet\u00e9 et R\u00e9sidence Par Investissement\",\"isPartOf\":{\"@id\":\"http:\\\/\\\/globaliaco.com\\\/#website\"},\"datePublished\":\"2025-05-20T06:48:48+00:00\",\"description\":\"D\u00e9couvrez les solutions de citoyennet\u00e9 par investissement de Globalia. Acc\u00e9dez \u00e0 des options europ\u00e9ennes, garantissant transparence et un second passeport. Investissez pour un avenir meilleur\u00a0!\",\"breadcrumb\":{\"@id\":\"https:\\\/\\\/globaliaco.com\\\/videos\\\/#breadcrumb\"},\"inLanguage\":\"fr-FR\",\"potentialAction\":[{\"@type\":\"ReadAction\",\"target\":[\"https:\\\/\\\/globaliaco.com\\\/videos\\\/\"]}]},{\"@type\":\"BreadcrumbList\",\"@id\":\"https:\\\/\\\/globaliaco.com\\\/videos\\\/#breadcrumb\",\"itemListElement\":[{\"@type\":\"ListItem\",\"position\":1,\"name\":\"Home\",\"item\":\"https:\\\/\\\/globaliaco.com\\\/fr\\\/\"},{\"@type\":\"ListItem\",\"position\":2,\"name\":\"Vid\u00e9os\"}]},{\"@type\":\"WebSite\",\"@id\":\"http:\\\/\\\/globaliaco.com\\\/#website\",\"url\":\"http:\\\/\\\/globaliaco.com\\\/\",\"name\":\"Globalia Consulting - Citizenship and residency by investment\",\"description\":\"Business Migration Programs, Business Plan Writers, Real Estate &amp; Citizenship by Investment Advisors\",\"alternateName\":\"Globalia Consulting - Citizenship and residency by investment\",\"potentialAction\":[{\"@type\":\"SearchAction\",\"target\":{\"@type\":\"EntryPoint\",\"urlTemplate\":\"http:\\\/\\\/globaliaco.com\\\/?s={search_term_string}\"},\"query-input\":{\"@type\":\"PropertyValueSpecification\",\"valueRequired\":true,\"valueName\":\"search_term_string\"}}],\"inLanguage\":\"fr-FR\"}]}<\/script>\n<!-- \/ Yoast SEO plugin. -->","yoast_head_json":{"title":"Globalia Consulting - Citoyennet\u00e9 et R\u00e9sidence Par Investissement","description":"D\u00e9couvrez les solutions de citoyennet\u00e9 par investissement de Globalia. Acc\u00e9dez \u00e0 des options europ\u00e9ennes, garantissant transparence et un second passeport. Investissez pour un avenir meilleur\u00a0!","robots":{"index":"index","follow":"follow","max-snippet":"max-snippet:-1","max-image-preview":"max-image-preview:large","max-video-preview":"max-video-preview:-1"},"canonical":"https:\/\/globaliaco.com\/videos\/","og_locale":"fr_FR","og_type":"article","og_title":"Globalia Consulting - Citoyennet\u00e9 et R\u00e9sidence Par Investissement","og_description":"D\u00e9couvrez les solutions de citoyennet\u00e9 par investissement de Globalia. Acc\u00e9dez \u00e0 des options europ\u00e9ennes, garantissant transparence et un second passeport. Investissez pour un avenir meilleur\u00a0!","og_url":"https:\/\/globaliaco.com\/videos\/","og_site_name":"Globalia Consulting - Citoyennet\u00e9 et R\u00e9sidence Par Investissement","og_image":[{"width":4500,"height":4500,"url":"https:\/\/globaliaco.com\/wp-content\/uploads\/2025\/02\/Profile-picture.png","type":"image\/png"}],"twitter_card":"summary_large_image","twitter_misc":{"Dur\u00e9e de lecture estim\u00e9e":"1 minute"},"schema":{"@context":"https:\/\/schema.org","@graph":[{"@type":"WebPage","@id":"https:\/\/globaliaco.com\/videos\/","url":"https:\/\/globaliaco.com\/videos\/","name":"Globalia Consulting - Citoyennet\u00e9 et R\u00e9sidence Par Investissement","isPartOf":{"@id":"http:\/\/globaliaco.com\/#website"},"datePublished":"2025-05-20T06:48:48+00:00","description":"D\u00e9couvrez les solutions de citoyennet\u00e9 par investissement de Globalia. Acc\u00e9dez \u00e0 des options europ\u00e9ennes, garantissant transparence et un second passeport. Investissez pour un avenir meilleur\u00a0!","breadcrumb":{"@id":"https:\/\/globaliaco.com\/videos\/#breadcrumb"},"inLanguage":"fr-FR","potentialAction":[{"@type":"ReadAction","target":["https:\/\/globaliaco.com\/videos\/"]}]},{"@type":"BreadcrumbList","@id":"https:\/\/globaliaco.com\/videos\/#breadcrumb","itemListElement":[{"@type":"ListItem","position":1,"name":"Home","item":"https:\/\/globaliaco.com\/fr\/"},{"@type":"ListItem","position":2,"name":"Vid\u00e9os"}]},{"@type":"WebSite","@id":"http:\/\/globaliaco.com\/#website","url":"http:\/\/globaliaco.com\/","name":"Globalia Consulting - Citizenship and residency by investment","description":"Business Migration Programs, Business Plan Writers, Real Estate &amp; Citizenship by Investment Advisors","alternateName":"Globalia Consulting - Citizenship and residency by investment","potentialAction":[{"@type":"SearchAction","target":{"@type":"EntryPoint","urlTemplate":"http:\/\/globaliaco.com\/?s={search_term_string}"},"query-input":{"@type":"PropertyValueSpecification","valueRequired":true,"valueName":"search_term_string"}}],"inLanguage":"fr-FR"}]}},"_links":{"self":[{"href":"https:\/\/globaliaco.com\/fr\/wp-json\/wp\/v2\/pages\/28739","targetHints":{"allow":["GET"]}}],"collection":[{"href":"https:\/\/globaliaco.com\/fr\/wp-json\/wp\/v2\/pages"}],"about":[{"href":"https:\/\/globaliaco.com\/fr\/wp-json\/wp\/v2\/types\/page"}],"author":[{"embeddable":true,"href":"https:\/\/globaliaco.com\/fr\/wp-json\/wp\/v2\/users\/1"}],"replies":[{"embeddable":true,"href":"https:\/\/globaliaco.com\/fr\/wp-json\/wp\/v2\/comments?post=28739"}],"version-history":[{"count":0,"href":"https:\/\/globaliaco.com\/fr\/wp-json\/wp\/v2\/pages\/28739\/revisions"}],"wp:attachment":[{"href":"https:\/\/globaliaco.com\/fr\/wp-json\/wp\/v2\/media?parent=28739"}],"curies":[{"name":"wp","href":"https:\/\/api.w.org\/{rel}","templated":true}]}}